{"id":30066,"date":"2022-09-26T17:32:01","date_gmt":"2022-09-26T15:32:01","guid":{"rendered":"https:\/\/architecte-decoration-interieur.ch\/?page_id=30066"},"modified":"2023-08-23T11:21:02","modified_gmt":"2023-08-23T09:21:02","slug":"cattelan-italia","status":"publish","type":"page","link":"https:\/\/architecte-decoration-interieur.ch\/fr_fr\/cattelan-italia\/","title":{"rendered":"CATTELAN ITALIA"},"content":{"rendered":"\t\t<div data-elementor-type=\"wp-page\" data-elementor-id=\"30066\" class=\"elementor elementor-30066\" data-elementor-post-type=\"page\">\n\t\t\t\t\t\t<section class=\"has_ae_slider elementor-section elementor-top-section elementor-element elementor-element-37f2e80 elementor-section-boxed elementor-section-height-default elementor-section-height-default ae-bg-gallery-type-default\" data-id=\"37f2e80\" data-element_type=\"section\">\n\t\t\t\t\t\t<div class=\"elementor-container elementor-column-gap-default\">\n\t\t\t\t\t<div class=\"has_ae_slider elementor-column elementor-col-100 elementor-top-column elementor-element elementor-element-d963748 ae-bg-gallery-type-default\" data-id=\"d963748\" data-element_type=\"column\">\n\t\t\t<div class=\"elementor-widget-wrap\">\n\t\t\t\t\t\t\t<\/div>\n\t\t<\/div>\n\t\t\t\t\t<\/div>\n\t\t<\/section>\n\t\t\t\t<section class=\"has_ae_slider elementor-section elementor-top-section elementor-element elementor-element-2a2717b elementor-section-full_width elementor-section-height-default elementor-section-height-default ae-bg-gallery-type-default\" data-id=\"2a2717b\" data-element_type=\"section\">\n\t\t\t\t\t\t<div class=\"elementor-container elementor-column-gap-no\">\n\t\t\t\t\t<div class=\"has_ae_slider elementor-column elementor-col-100 elementor-top-column elementor-element elementor-element-fe35aba ae-bg-gallery-type-default\" data-id=\"fe35aba\" data-element_type=\"column\">\n\t\t\t<div class=\"elementor-widget-wrap elementor-element-populated\">\n\t\t\t\t\t\t<div class=\"elementor-element elementor-element-4d32669 elementor-widget elementor-widget-slider_revolution\" data-id=\"4d32669\" data-element_type=\"widget\" data-widget_type=\"slider_revolution.default\">\n\t\t\t\t<div class=\"elementor-widget-container\">\n\t\t\t\t\t\r\n\t\t<div class=\"wp-block-themepunch-revslider\">\n\t\t\t<!-- START CATTELAN ITALIA REVOLUTION SLIDER 6.4.2 --><p class=\"rs-p-wp-fix\"><\/p>\n\t\t\t<rs-module-wrap id=\"rev_slider_19_1_wrapper\" data-source=\"gallery\" style=\"background:transparent;padding:0;margin:0px auto;margin-top:0;margin-bottom:0;\">\n\t\t\t\t<rs-module id=\"rev_slider_19_1\" style=\"\" data-version=\"6.4.2\">\n\t\t\t\t\t<rs-slides>\n\t\t\t\t\t\t<rs-slide data-key=\"rs-116\" data-title=\"Slider1\" data-in=\"o:0;\" data-out=\"a:false;\">\n\t\t\t\t\t\t\t<img fetchpriority=\"high\" fetchpriority=\"high\" decoding=\"async\" src=\"\/\/architecte-decoration-interieur.ch\/wp-content\/uploads\/2022\/07\/Cattelanitalia-1.jpg\" title=\"Cattelanitalia-1\" width=\"1280\" height=\"854\" class=\"rev-slidebg\" data-no-retina>\n<!---->\t\t\t\t\t\t<\/rs-slide>\n\t\t\t\t\t\t<rs-slide data-key=\"rs-117\" data-title=\"Slider1\" data-in=\"o:0;\" data-out=\"a:false;\">\n\t\t\t\t\t\t\t<img decoding=\"async\" src=\"\/\/architecte-decoration-interieur.ch\/wp-content\/uploads\/2022\/07\/Cattelanitalia-2.jpg\" title=\"Cattelanitalia-2\" width=\"1280\" height=\"854\" class=\"rev-slidebg\" data-no-retina>\n<!---->\t\t\t\t\t\t<\/rs-slide>\n\t\t\t\t\t\t<rs-slide data-key=\"rs-118\" data-title=\"Slider1\" data-in=\"o:0;\" data-out=\"a:false;\">\n\t\t\t\t\t\t\t<img decoding=\"async\" src=\"\/\/architecte-decoration-interieur.ch\/wp-content\/uploads\/2022\/07\/Cattelanitalia-3.jpg\" title=\"Cattelanitalia-3\" width=\"1280\" height=\"854\" class=\"rev-slidebg\" data-no-retina>\n<!---->\t\t\t\t\t\t<\/rs-slide>\n\t\t\t\t\t\t<rs-slide data-key=\"rs-119\" data-title=\"Slider1\" data-in=\"o:0;\" data-out=\"a:false;\">\n\t\t\t\t\t\t\t<img loading=\"lazy\" loading=\"lazy\" decoding=\"async\" src=\"\/\/architecte-decoration-interieur.ch\/wp-content\/uploads\/2022\/07\/Cattelanitalia-4.jpg\" title=\"Cattelanitalia-4\" width=\"1280\" height=\"854\" class=\"rev-slidebg\" data-no-retina>\n<!---->\t\t\t\t\t\t<\/rs-slide>\n\t\t\t\t\t\t<rs-slide data-key=\"rs-120\" data-title=\"Slider1\" data-in=\"o:0;\" data-out=\"a:false;\">\n\t\t\t\t\t\t\t<img loading=\"lazy\" loading=\"lazy\" decoding=\"async\" src=\"\/\/architecte-decoration-interieur.ch\/wp-content\/uploads\/2022\/07\/Cattelanitalia-5.jpg\" title=\"Cattelanitalia-5\" width=\"1280\" height=\"854\" class=\"rev-slidebg\" data-no-retina>\n<!---->\t\t\t\t\t\t<\/rs-slide>\n\t\t\t\t\t<\/rs-slides>\n\t\t\t\t\t<rs-static-layers><!--\n\t\t\t\t\t--><\/rs-static-layers>\n\t\t\t\t<\/rs-module>\n\t\t\t\t<script type=\"text\/javascript\">\n\t\t\t\t\tsetREVStartSize({c: 'rev_slider_19_1',rl:[1240,1024,778,480],el:[900,768,960,720],gw:[1240,1024,778,480],gh:[900,768,960,720],type:'standard',justify:'',layout:'fullwidth',mh:\"0\"});\n\t\t\t\t\tvar\trevapi19,\n\t\t\t\t\t\ttpj;\n\t\t\t\t\tfunction revinit_revslider191() {\n\t\t\t\t\tjQuery(function() {\n\t\t\t\t\t\ttpj = jQuery;\n\t\t\t\t\t\trevapi19 = tpj(\"#rev_slider_19_1\");\n\t\t\t\t\t\tif(revapi19==undefined || revapi19.revolution == undefined){\n\t\t\t\t\t\t\trevslider_showDoubleJqueryError(\"rev_slider_19_1\");\n\t\t\t\t\t\t}else{\n\t\t\t\t\t\t\trevapi19.revolution({\n\t\t\t\t\t\t\t\tduration:\"4000ms\",\n\t\t\t\t\t\t\t\tvisibilityLevels:\"1240,1024,778,480\",\n\t\t\t\t\t\t\t\tgridwidth:\"1240,1024,778,480\",\n\t\t\t\t\t\t\t\tgridheight:\"900,768,960,720\",\n\t\t\t\t\t\t\t\tperspective:600,\n\t\t\t\t\t\t\t\tperspectiveType:\"global\",\n\t\t\t\t\t\t\t\teditorheight:\"900,768,960,720\",\n\t\t\t\t\t\t\t\tresponsiveLevels:\"1240,1024,778,480\",\n\t\t\t\t\t\t\t\tprogressBar: {\n\t\t\t\t\t\t\t\t\tsize:5,\n\t\t\t\t\t\t\t\t\tx:0,\n\t\t\t\t\t\t\t\t\ty:0\n\t\t\t\t\t\t\t\t},\n\t\t\t\t\t\t\t\tnavigation: {\n\t\t\t\t\t\t\t\t\tonHoverStop:false\n\t\t\t\t\t\t\t\t},\n\t\t\t\t\t\t\t\tfallbacks: {\n\t\t\t\t\t\t\t\t\tallowHTML5AutoPlayOnAndroid:true\n\t\t\t\t\t\t\t\t},\n\t\t\t\t\t\t\t});\n\t\t\t\t\t\t}\n\t\t\t\t\t\t\n\t\t\t\t\t});\n\t\t\t\t\t} \/\/ End of RevInitScript\n\t\t\t\tvar once_revslider191 = false;\n\t\t\t\tif (document.readyState === \"loading\") {document.addEventListener('readystatechange',function() { if((document.readyState === \"interactive\" || document.readyState === \"complete\") && !once_revslider191 ) { once_revslider191 = true; revinit_revslider191();}});} else {once_revslider191 = true; revinit_revslider191();}\n\t\t\t\t<\/script>\n\t\t\t<\/rs-module-wrap>\n\t\t\t<!-- END REVOLUTION SLIDER -->\n<\/div>\r\n\r\n\t\t\t\t\t\t<\/div>\n\t\t\t\t<\/div>\n\t\t\t\t\t<\/div>\n\t\t<\/div>\n\t\t\t\t\t<\/div>\n\t\t<\/section>\n\t\t\t\t<section class=\"has_ae_slider elementor-section elementor-top-section elementor-element elementor-element-9631e81 elementor-section-boxed elementor-section-height-default elementor-section-height-default ae-bg-gallery-type-default\" data-id=\"9631e81\" data-element_type=\"section\">\n\t\t\t\t\t\t<div class=\"elementor-container elementor-column-gap-default\">\n\t\t\t\t\t<div class=\"has_ae_slider elementor-column elementor-col-100 elementor-top-column elementor-element elementor-element-81f2075 ae-bg-gallery-type-default\" data-id=\"81f2075\" data-element_type=\"column\">\n\t\t\t<div class=\"elementor-widget-wrap elementor-element-populated\">\n\t\t\t\t\t\t<div class=\"elementor-element elementor-element-9ebe551 elementor-widget elementor-widget-heading\" data-id=\"9ebe551\" data-element_type=\"widget\" data-widget_type=\"heading.default\">\n\t\t\t\t<div class=\"elementor-widget-container\">\n\t\t\t\t\t<h2 class=\"elementor-heading-title elementor-size-default\">CATTELAN ITALIA<\/h2>\t\t\t\t<\/div>\n\t\t\t\t<\/div>\n\t\t\t\t\t<\/div>\n\t\t<\/div>\n\t\t\t\t\t<\/div>\n\t\t<\/section>\n\t\t\t\t<section class=\"has_ae_slider elementor-section elementor-top-section elementor-element elementor-element-bc63c08 elementor-section-boxed elementor-section-height-default elementor-section-height-default ae-bg-gallery-type-default\" data-id=\"bc63c08\" data-element_type=\"section\">\n\t\t\t\t\t\t<div class=\"elementor-container elementor-column-gap-default\">\n\t\t\t\t\t<div class=\"has_ae_slider elementor-column elementor-col-100 elementor-top-column elementor-element elementor-element-880d7f7 ae-bg-gallery-type-default\" data-id=\"880d7f7\" data-element_type=\"column\">\n\t\t\t<div class=\"elementor-widget-wrap elementor-element-populated\">\n\t\t\t\t\t\t<div class=\"elementor-element elementor-element-4881fef elementor-widget elementor-widget-text-editor\" data-id=\"4881fef\" data-element_type=\"widget\" data-widget_type=\"text-editor.default\">\n\t\t\t\t<div class=\"elementor-widget-container\">\n\t\t\t\t\t\t\t\t\t<p>Une collection tr\u00e8s compl\u00e8te de mobilier design italien.<br \/>Innovation, qualit\u00e9 des mat\u00e9riaux, attention aux d\u00e9tails refl\u00e8tent les valeurs de cette marque et sa philosophie.<\/p><p><a href=\"http:\/\/www.cattelanitalia.com\" target=\"_blank\" rel=\"noopener\">www.cattelanitalia.com<\/a><\/p>\t\t\t\t\t\t\t\t<\/div>\n\t\t\t\t<\/div>\n\t\t\t\t\t<\/div>\n\t\t<\/div>\n\t\t\t\t\t<\/div>\n\t\t<\/section>\n\t\t\t\t<section class=\"has_ae_slider elementor-section elementor-top-section elementor-element elementor-element-c9b8959 elementor-section-boxed elementor-section-height-default elementor-section-height-default ae-bg-gallery-type-default\" data-id=\"c9b8959\" data-element_type=\"section\">\n\t\t\t\t\t\t<div class=\"elementor-container elementor-column-gap-default\">\n\t\t\t\t\t<div class=\"has_ae_slider elementor-column elementor-col-100 elementor-top-column elementor-element elementor-element-58b1a72 ae-bg-gallery-type-default\" data-id=\"58b1a72\" data-element_type=\"column\">\n\t\t\t<div class=\"elementor-widget-wrap elementor-element-populated\">\n\t\t\t\t\t\t<div class=\"elementor-element elementor-element-1006eaf elementor-widget elementor-widget-image\" data-id=\"1006eaf\" data-element_type=\"widget\" data-widget_type=\"image.default\">\n\t\t\t\t<div class=\"elementor-widget-container\">\n\t\t\t\t\t\t\t\t\t\t\t\t\t\t\t\t<a href=\"https:\/\/architecte-decoration-interieur.ch\/marques\/\">\n\t\t\t\t\t\t\t<img decoding=\"async\" src=\"https:\/\/architecte-decoration-interieur.ch\/wp-content\/uploads\/elementor\/thumbs\/bouton-back-q03r2w4g4weqa9rdyjkfok88abp7qyrc2aqjy5svyg.png\" title=\"bouton-back\" alt=\"bouton-back\" loading=\"lazy\" \/>\t\t\t\t\t\t\t\t<\/a>\n\t\t\t\t\t\t\t\t\t\t\t\t\t\t\t<\/div>\n\t\t\t\t<\/div>\n\t\t\t\t\t<\/div>\n\t\t<\/div>\n\t\t\t\t\t<\/div>\n\t\t<\/section>\n\t\t\t\t<\/div>\n\t\t","protected":false},"excerpt":{"rendered":"<p>\n\t\t\t<!-- START CATTELAN ITALIA REVOLUTION SLIDER 6.4.2 --><p class=\"rs-p-wp-fix\"><\/p>\n\t\t\t<rs-module-wrap id=\"rev_slider_19_2_wrapper\" data-source=\"gallery\" style=\"background:transparent;padding:0;margin:0px auto;margin-top:0;margin-bottom:0;\">\n\t\t\t\t<rs-module id=\"rev_slider_19_2\" style=\"\" data-version=\"6.4.2\">\n\t\t\t\t\t<rs-slides>\n\t\t\t\t\t\t<rs-slide data-key=\"rs-116\" data-title=\"Slider1\" data-in=\"o:0;\" data-out=\"a:false;\">\n\t\t\t\t\t\t\t<img fetchpriority=\"high\" decoding=\"async\" src=\"\/\/architecte-decoration-interieur.ch\/wp-content\/uploads\/2022\/07\/Cattelanitalia-1.jpg\" title=\"Cattelanitalia-1\" width=\"1280\" height=\"854\" class=\"rev-slidebg\" data-no-retina>\n<!---->\t\t\t\t\t\t<\/rs-slide>\n\t\t\t\t\t\t<rs-slide data-key=\"rs-117\" data-title=\"Slider1\" data-in=\"o:0;\" data-out=\"a:false;\">\n\t\t\t\t\t\t\t<img decoding=\"async\" src=\"\/\/architecte-decoration-interieur.ch\/wp-content\/uploads\/2022\/07\/Cattelanitalia-2.jpg\" title=\"Cattelanitalia-2\" width=\"1280\" height=\"854\" class=\"rev-slidebg\" data-no-retina>\n<!---->\t\t\t\t\t\t<\/rs-slide>\n\t\t\t\t\t\t<rs-slide data-key=\"rs-118\" data-title=\"Slider1\" data-in=\"o:0;\" data-out=\"a:false;\">\n\t\t\t\t\t\t\t<img decoding=\"async\" src=\"\/\/architecte-decoration-interieur.ch\/wp-content\/uploads\/2022\/07\/Cattelanitalia-3.jpg\" title=\"Cattelanitalia-3\" width=\"1280\" height=\"854\" class=\"rev-slidebg\" data-no-retina>\n<!---->\t\t\t\t\t\t<\/rs-slide>\n\t\t\t\t\t\t<rs-slide data-key=\"rs-119\" data-title=\"Slider1\" data-in=\"o:0;\" data-out=\"a:false;\">\n\t\t\t\t\t\t\t<img loading=\"lazy\" decoding=\"async\" src=\"\/\/architecte-decoration-interieur.ch\/wp-content\/uploads\/2022\/07\/Cattelanitalia-4.jpg\" title=\"Cattelanitalia-4\" width=\"1280\" height=\"854\" class=\"rev-slidebg\" data-no-retina>\n<!---->\t\t\t\t\t\t<\/rs-slide>\n\t\t\t\t\t\t<rs-slide data-key=\"rs-120\" data-title=\"Slider1\" data-in=\"o:0;\" data-out=\"a:false;\">\n\t\t\t\t\t\t\t<img loading=\"lazy\" decoding=\"async\" src=\"\/\/architecte-decoration-interieur.ch\/wp-content\/uploads\/2022\/07\/Cattelanitalia-5.jpg\" title=\"Cattelanitalia-5\" width=\"1280\" height=\"854\" class=\"rev-slidebg\" data-no-retina>\n<!---->\t\t\t\t\t\t<\/rs-slide>\n\t\t\t\t\t<\/rs-slides>\n\t\t\t\t\t<rs-static-layers><!--\n\t\t\t\t\t--><\/rs-static-layers>\n\t\t\t\t<\/rs-module>\n\t\t\t\t<script type=\"text\/javascript\">\n\t\t\t\t\tsetREVStartSize({c: 'rev_slider_19_2',rl:[1240,1024,778,480],el:[900,768,960,720],gw:[1240,1024,778,480],gh:[900,768,960,720],type:'standard',justify:'',layout:'fullwidth',mh:\"0\"});\n\t\t\t\t\tvar\trevapi19,\n\t\t\t\t\t\ttpj;\n\t\t\t\t\tfunction revinit_revslider192() {\n\t\t\t\t\tjQuery(function() {\n\t\t\t\t\t\ttpj = jQuery;\n\t\t\t\t\t\trevapi19 = tpj(\"#rev_slider_19_2\");\n\t\t\t\t\t\tif(revapi19==undefined || revapi19.revolution == undefined){\n\t\t\t\t\t\t\trevslider_showDoubleJqueryError(\"rev_slider_19_2\");\n\t\t\t\t\t\t}else{\n\t\t\t\t\t\t\trevapi19.revolution({\n\t\t\t\t\t\t\t\tduration:\"4000ms\",\n\t\t\t\t\t\t\t\tvisibilityLevels:\"1240,1024,778,480\",\n\t\t\t\t\t\t\t\tgridwidth:\"1240,1024,778,480\",\n\t\t\t\t\t\t\t\tgridheight:\"900,768,960,720\",\n\t\t\t\t\t\t\t\tperspective:600,\n\t\t\t\t\t\t\t\tperspectiveType:\"global\",\n\t\t\t\t\t\t\t\teditorheight:\"900,768,960,720\",\n\t\t\t\t\t\t\t\tresponsiveLevels:\"1240,1024,778,480\",\n\t\t\t\t\t\t\t\tprogressBar: {\n\t\t\t\t\t\t\t\t\tsize:5,\n\t\t\t\t\t\t\t\t\tx:0,\n\t\t\t\t\t\t\t\t\ty:0\n\t\t\t\t\t\t\t\t},\n\t\t\t\t\t\t\t\tnavigation: {\n\t\t\t\t\t\t\t\t\tonHoverStop:false\n\t\t\t\t\t\t\t\t},\n\t\t\t\t\t\t\t\tfallbacks: {\n\t\t\t\t\t\t\t\t\tallowHTML5AutoPlayOnAndroid:true\n\t\t\t\t\t\t\t\t},\n\t\t\t\t\t\t\t});\n\t\t\t\t\t\t}\n\t\t\t\t\t\t\n\t\t\t\t\t});\n\t\t\t\t\t} \/\/ End of RevInitScript\n\t\t\t\tvar once_revslider192 = false;\n\t\t\t\tif (document.readyState === \"loading\") {document.addEventListener('readystatechange',function() { if((document.readyState === \"interactive\" || document.readyState === \"complete\") && !once_revslider192 ) { once_revslider192 = true; revinit_revslider192();}});} else {once_revslider192 = true; revinit_revslider192();}\n\t\t\t\t<\/script>\n\t\t\t<\/rs-module-wrap>\n\t\t\t<!-- END REVOLUTION SLIDER -->\n CATTELAN ITALIA Une collection tr\u00e8s compl\u00e8te de mobilier design italien.Innovation, qualit\u00e9 des mat\u00e9riaux, attention aux d\u00e9tails refl\u00e8tent les valeurs de cette marque et sa philosophie.www.cattelanitalia.com<\/p>\n","protected":false},"author":1,"featured_media":30075,"parent":0,"menu_order":0,"comment_status":"closed","ping_status":"closed","template":"","meta":{"_et_pb_use_builder":"on","_et_pb_old_content":"[rev_slider alias=\"mesura-emme-1\" slidertitle=\"CATTELAN ITALIA\"][\/rev_slider]\t\t\n\t\t\t<style>\/*! elementor - v3.6.8 - 27-07-2022 *\/\n.elementor-heading-title{padding:0;margin:0;line-height:1}.elementor-widget-heading .elementor-heading-title[class*=elementor-size-]>a{color:inherit;font-size:inherit;line-height:inherit}.elementor-widget-heading .elementor-heading-title.elementor-size-small{font-size:15px}.elementor-widget-heading .elementor-heading-title.elementor-size-medium{font-size:19px}.elementor-widget-heading .elementor-heading-title.elementor-size-large{font-size:29px}.elementor-widget-heading .elementor-heading-title.elementor-size-xl{font-size:39px}.elementor-widget-heading .elementor-heading-title.elementor-size-xxl{font-size:59px}<\/style><h2>CATTELAN ITALIA<\/h2>\t\t\n\t\t<p>Une collection tr\u00e8s compl\u00e8te de mobilier design italien.<br \/>Innovation, qualit\u00e9 des mat\u00e9riaux, attention aux d\u00e9tails refl\u00e8tent les valeurs de cette marque et sa philosophie.<\/p><p><a href=\"http:\/\/www.cattelanitalia.com\" target=\"_blank\" rel=\"noopener\">www.cattelanitalia.com<\/a><\/p>\t\t\n\t\t\t<style>\/*! elementor - v3.6.8 - 27-07-2022 *\/\n.elementor-widget-image{text-align:center}.elementor-widget-image a{display:inline-block}.elementor-widget-image a img[src$=\".svg\"]{width:48px}.elementor-widget-image img{vertical-align:middle;display:inline-block}<\/style>\t\t\t\t\t\t\t\t\t\t\t\t\t<a href=\"https:\/\/architecte-decoration-interieur.ch\/marques\/\">\n\t\t\t\t\t\t\t<img src=\"https:\/\/architecte-decoration-interieur.ch\/wp-content\/uploads\/elementor\/thumbs\/bouton-back-q03r2w4g4weqa9rdyjkfok88abp7qyrc2aqjy5svyg.png\" title=\"bouton-back\" alt=\"bouton-back\" \/>\t\t\t\t\t\t\t\t<\/a>","_et_gb_content_width":"","footnotes":""},"class_list":["post-30066","page","type-page","status-publish","has-post-thumbnail","hentry"],"_links":{"self":[{"href":"https:\/\/architecte-decoration-interieur.ch\/fr_fr\/wp-json\/wp\/v2\/pages\/30066","targetHints":{"allow":["GET"]}}],"collection":[{"href":"https:\/\/architecte-decoration-interieur.ch\/fr_fr\/wp-json\/wp\/v2\/pages"}],"about":[{"href":"https:\/\/architecte-decoration-interieur.ch\/fr_fr\/wp-json\/wp\/v2\/types\/page"}],"author":[{"embeddable":true,"href":"https:\/\/architecte-decoration-interieur.ch\/fr_fr\/wp-json\/wp\/v2\/users\/1"}],"replies":[{"embeddable":true,"href":"https:\/\/architecte-decoration-interieur.ch\/fr_fr\/wp-json\/wp\/v2\/comments?post=30066"}],"version-history":[{"count":29,"href":"https:\/\/architecte-decoration-interieur.ch\/fr_fr\/wp-json\/wp\/v2\/pages\/30066\/revisions"}],"predecessor-version":[{"id":32300,"href":"https:\/\/architecte-decoration-interieur.ch\/fr_fr\/wp-json\/wp\/v2\/pages\/30066\/revisions\/32300"}],"wp:featuredmedia":[{"embeddable":true,"href":"https:\/\/architecte-decoration-interieur.ch\/fr_fr\/wp-json\/wp\/v2\/media\/30075"}],"wp:attachment":[{"href":"https:\/\/architecte-decoration-interieur.ch\/fr_fr\/wp-json\/wp\/v2\/media?parent=30066"}],"curies":[{"name":"wp","href":"https:\/\/api.w.org\/{rel}","templated":true}]}}