{"id":45,"date":"2017-02-16T09:17:12","date_gmt":"2017-02-16T08:17:12","guid":{"rendered":"http:\/\/mxajfmgl.preview.infomaniak.website\/?page_id=45"},"modified":"2023-08-24T10:31:29","modified_gmt":"2023-08-24T08:31:29","slug":"contact","status":"publish","type":"page","link":"https:\/\/architecte-decoration-interieur.ch\/fr_fr\/contact\/","title":{"rendered":"CONTACT"},"content":{"rendered":"\t\t<div data-elementor-type=\"wp-page\" data-elementor-id=\"45\" class=\"elementor elementor-45\" data-elementor-post-type=\"page\">\n\t\t\t\t\t\t<section class=\"has_ae_slider elementor-section elementor-top-section elementor-element elementor-element-5cab2a7 elementor-section-boxed elementor-section-height-default elementor-section-height-default ae-bg-gallery-type-default\" data-id=\"5cab2a7\" data-element_type=\"section\">\n\t\t\t\t\t\t<div class=\"elementor-container elementor-column-gap-default\">\n\t\t\t\t\t<div class=\"has_ae_slider elementor-column elementor-col-100 elementor-top-column elementor-element elementor-element-e1df6e1 ae-bg-gallery-type-default\" data-id=\"e1df6e1\" data-element_type=\"column\">\n\t\t\t<div class=\"elementor-widget-wrap\">\n\t\t\t\t\t\t\t<\/div>\n\t\t<\/div>\n\t\t\t\t\t<\/div>\n\t\t<\/section>\n\t\t\t\t<section class=\"has_ae_slider elementor-section elementor-top-section elementor-element elementor-element-63d46c2 elementor-section-full_width elementor-section-height-default elementor-section-height-default ae-bg-gallery-type-default\" data-id=\"63d46c2\" data-element_type=\"section\">\n\t\t\t\t\t\t<div class=\"elementor-container elementor-column-gap-no\">\n\t\t\t\t\t<div class=\"has_ae_slider elementor-column elementor-col-100 elementor-top-column elementor-element elementor-element-3459a09 ae-bg-gallery-type-default\" data-id=\"3459a09\" data-element_type=\"column\">\n\t\t\t<div class=\"elementor-widget-wrap elementor-element-populated\">\n\t\t\t\t\t\t<div class=\"elementor-element elementor-element-f15de1b elementor-widget elementor-widget-slider_revolution\" data-id=\"f15de1b\" data-element_type=\"widget\" data-widget_type=\"slider_revolution.default\">\n\t\t\t\t<div class=\"elementor-widget-container\">\n\t\t\t\t\t\r\n\t\t<div class=\"wp-block-themepunch-revslider\">\n\t\t\t<!-- START CONTACT REVOLUTION SLIDER 6.4.2 --><p class=\"rs-p-wp-fix\"><\/p>\n\t\t\t<rs-module-wrap id=\"rev_slider_30_1_wrapper\" data-source=\"gallery\" style=\"background:transparent;padding:0;margin:0px auto;margin-top:0;margin-bottom:0;\">\n\t\t\t\t<rs-module id=\"rev_slider_30_1\" style=\"\" data-version=\"6.4.2\">\n\t\t\t\t\t<rs-slides>\n\t\t\t\t\t\t<rs-slide data-key=\"rs-193\" data-title=\"Slider1\" data-in=\"o:0;\" data-out=\"a:false;\">\n\t\t\t\t\t\t\t<img fetchpriority=\"high\" fetchpriority=\"high\" decoding=\"async\" src=\"\/\/architecte-decoration-interieur.ch\/wp-content\/uploads\/2021\/03\/3rd.jpg\" title=\"3rd\" width=\"1600\" height=\"1100\" class=\"rev-slidebg\" data-no-retina>\n<!---->\t\t\t\t\t\t<\/rs-slide>\n\t\t\t\t\t<\/rs-slides>\n\t\t\t\t\t<rs-static-layers><!--\n\t\t\t\t\t--><\/rs-static-layers>\n\t\t\t\t<\/rs-module>\n\t\t\t\t<script type=\"text\/javascript\">\n\t\t\t\t\tsetREVStartSize({c: 'rev_slider_30_1',rl:[1240,1024,778,480],el:[900,768,960,720],gw:[1240,1024,778,480],gh:[900,768,960,720],type:'standard',justify:'',layout:'fullwidth',mh:\"0\"});\n\t\t\t\t\tvar\trevapi30,\n\t\t\t\t\t\ttpj;\n\t\t\t\t\tfunction revinit_revslider301() {\n\t\t\t\t\tjQuery(function() {\n\t\t\t\t\t\ttpj = jQuery;\n\t\t\t\t\t\trevapi30 = tpj(\"#rev_slider_30_1\");\n\t\t\t\t\t\tif(revapi30==undefined || revapi30.revolution == undefined){\n\t\t\t\t\t\t\trevslider_showDoubleJqueryError(\"rev_slider_30_1\");\n\t\t\t\t\t\t}else{\n\t\t\t\t\t\t\trevapi30.revolution({\n\t\t\t\t\t\t\t\tduration:\"4000ms\",\n\t\t\t\t\t\t\t\tvisibilityLevels:\"1240,1024,778,480\",\n\t\t\t\t\t\t\t\tgridwidth:\"1240,1024,778,480\",\n\t\t\t\t\t\t\t\tgridheight:\"900,768,960,720\",\n\t\t\t\t\t\t\t\tperspective:600,\n\t\t\t\t\t\t\t\tperspectiveType:\"global\",\n\t\t\t\t\t\t\t\teditorheight:\"900,768,960,720\",\n\t\t\t\t\t\t\t\tresponsiveLevels:\"1240,1024,778,480\",\n\t\t\t\t\t\t\t\tprogressBar: {\n\t\t\t\t\t\t\t\t\tsize:5,\n\t\t\t\t\t\t\t\t\tx:0,\n\t\t\t\t\t\t\t\t\ty:0\n\t\t\t\t\t\t\t\t},\n\t\t\t\t\t\t\t\tnavigation: {\n\t\t\t\t\t\t\t\t\tonHoverStop:false\n\t\t\t\t\t\t\t\t},\n\t\t\t\t\t\t\t\tfallbacks: {\n\t\t\t\t\t\t\t\t\tallowHTML5AutoPlayOnAndroid:true\n\t\t\t\t\t\t\t\t},\n\t\t\t\t\t\t\t});\n\t\t\t\t\t\t}\n\t\t\t\t\t\t\n\t\t\t\t\t});\n\t\t\t\t\t} \/\/ End of RevInitScript\n\t\t\t\tvar once_revslider301 = false;\n\t\t\t\tif (document.readyState === \"loading\") {document.addEventListener('readystatechange',function() { if((document.readyState === \"interactive\" || document.readyState === \"complete\") && !once_revslider301 ) { once_revslider301 = true; revinit_revslider301();}});} else {once_revslider301 = true; revinit_revslider301();}\n\t\t\t\t<\/script>\n\t\t\t<\/rs-module-wrap>\n\t\t\t<!-- END REVOLUTION SLIDER -->\n<\/div>\r\n\r\n\t\t\t\t\t\t<\/div>\n\t\t\t\t<\/div>\n\t\t\t\t\t<\/div>\n\t\t<\/div>\n\t\t\t\t\t<\/div>\n\t\t<\/section>\n\t\t\t\t<section class=\"has_ae_slider elementor-section elementor-top-section elementor-element elementor-element-8becee2 elementor-section-boxed elementor-section-height-default elementor-section-height-default ae-bg-gallery-type-default\" data-id=\"8becee2\" data-element_type=\"section\">\n\t\t\t\t\t\t<div class=\"elementor-container elementor-column-gap-custom\">\n\t\t\t\t\t<div class=\"has_ae_slider elementor-column elementor-col-50 elementor-top-column elementor-element elementor-element-8154309 ae-bg-gallery-type-default\" data-id=\"8154309\" data-element_type=\"column\">\n\t\t\t<div class=\"elementor-widget-wrap elementor-element-populated\">\n\t\t\t\t\t\t<div class=\"elementor-element elementor-element-b245a5c elementor-widget elementor-widget-heading\" data-id=\"b245a5c\" data-element_type=\"widget\" data-widget_type=\"heading.default\">\n\t\t\t\t<div class=\"elementor-widget-container\">\n\t\t\t\t\t<h2 class=\"elementor-heading-title elementor-size-default\">Un renseignement ? Appelez-nous !<\/h2>\t\t\t\t<\/div>\n\t\t\t\t<\/div>\n\t\t\t\t<div class=\"elementor-element elementor-element-c84ce22 elementor-widget elementor-widget-text-editor\" data-id=\"c84ce22\" data-element_type=\"widget\" data-widget_type=\"text-editor.default\">\n\t\t\t\t<div class=\"elementor-widget-container\">\n\t\t\t\t\t\t\t\t\t<p>Pour tous renseignements, veuillez simplement composer notre num\u00e9ro de t\u00e9l\u00e9phone :<\/p><p><strong>+4121\u00a0 964\u00a0 2221<\/strong><\/p><p>Nous sommes \u00e0 votre enti\u00e8re disposition et nous r\u00e9pondons avec plaisir \u00e0 toutes vos demandes<\/p><p>Actifs en Suisse et \u00e0 l\u2019\u00e9tranger, nous nous d\u00e9pla\u00e7ons volontiers chez vous, ou alors, nous vous recevons dans nos locaux.<\/p><p>Viquerat D\u00e9coration<br \/>&amp; Architecture d&#8217;Int\u00e9rieur<\/p><p>Rue du Lac 107<br \/>1815 Clarens-Montreux<br \/>Suisse<\/p><p>t\u00e9l\u00e9phone &#8211;<strong> +4121\u00a0 964\u00a0 2221<\/strong><\/p>\t\t\t\t\t\t\t\t<\/div>\n\t\t\t\t<\/div>\n\t\t\t\t\t<\/div>\n\t\t<\/div>\n\t\t\t\t<div class=\"has_ae_slider elementor-column elementor-col-50 elementor-top-column elementor-element elementor-element-0ddf3e0 ae-bg-gallery-type-default\" data-id=\"0ddf3e0\" data-element_type=\"column\">\n\t\t\t<div class=\"elementor-widget-wrap elementor-element-populated\">\n\t\t\t\t\t\t<div class=\"elementor-element elementor-element-b242bad elementor-widget elementor-widget-heading\" data-id=\"b242bad\" data-element_type=\"widget\" data-widget_type=\"heading.default\">\n\t\t\t\t<div class=\"elementor-widget-container\">\n\t\t\t\t\t<h2 class=\"elementor-heading-title elementor-size-default\">Visitez notre show-room<\/h2>\t\t\t\t<\/div>\n\t\t\t\t<\/div>\n\t\t\t\t<div class=\"elementor-element elementor-element-e1b10a6 elementor-widget elementor-widget-text-editor\" data-id=\"e1b10a6\" data-element_type=\"widget\" data-widget_type=\"text-editor.default\">\n\t\t\t\t<div class=\"elementor-widget-container\">\n\t\t\t\t\t\t\t\t\t<div class=\"wpb_text_column wpb_content_element \">\n<div class=\"wpb_wrapper\">\n<p>Vous trouverez&nbsp;notre show-room \u00e0 Clarens-Montreux.<\/p>\n<p>Vous \u00eates les bienvenus \u00e0 notre&nbsp;exposition (avec ou sans rendez-vous) la semaine et aussi le samedi&nbsp;:<\/p>\n<p><strong>Horaires<\/strong><\/p>\n<ul>\n<li>Du lundi au vendredi de 9h00 \u00e0 12h00 et de 14h00 \u00e0 18h00.<\/li>\n<li>Samedi de 10h00 \u00e0 16h00 non-stop, sauf 1er samedi du mois ferm\u00e9.<\/li><\/ul><\/div><\/div>\t\t\t\t\t\t\t\t<\/div>\n\t\t\t\t<\/div>\n\t\t\t\t<div class=\"elementor-element elementor-element-2ae1392 elementor-widget elementor-widget-heading\" data-id=\"2ae1392\" data-element_type=\"widget\" data-widget_type=\"heading.default\">\n\t\t\t\t<div class=\"elementor-widget-container\">\n\t\t\t\t\t<h2 class=\"elementor-heading-title elementor-size-default\">Formulaire de contact<\/h2>\t\t\t\t<\/div>\n\t\t\t\t<\/div>\n\t\t\t\t<div class=\"elementor-element elementor-element-2f76d2f elementor-widget elementor-widget-html\" data-id=\"2f76d2f\" data-element_type=\"widget\" data-widget_type=\"html.default\">\n\t\t\t\t<div class=\"elementor-widget-container\">\n\t\t\t\t\t<script type=\"text\/javascript\" src=\"\/\/viqueratdecoration.engage366.ch\/form\/generate.js?id=3\"><\/script>\t\t\t\t<\/div>\n\t\t\t\t<\/div>\n\t\t\t\t\t<\/div>\n\t\t<\/div>\n\t\t\t\t\t<\/div>\n\t\t<\/section>\n\t\t\t\t<section class=\"has_ae_slider elementor-section elementor-top-section elementor-element elementor-element-94ac09e elementor-section-boxed elementor-section-height-default elementor-section-height-default ae-bg-gallery-type-default\" data-id=\"94ac09e\" data-element_type=\"section\">\n\t\t\t\t\t\t<div class=\"elementor-container elementor-column-gap-default\">\n\t\t\t\t\t<div class=\"has_ae_slider elementor-column elementor-col-100 elementor-top-column elementor-element elementor-element-7e0a94e ae-bg-gallery-type-default\" data-id=\"7e0a94e\" data-element_type=\"column\">\n\t\t\t<div class=\"elementor-widget-wrap elementor-element-populated\">\n\t\t\t\t\t\t<div class=\"elementor-element elementor-element-318eb5b elementor-widget elementor-widget-html\" data-id=\"318eb5b\" data-element_type=\"widget\" data-widget_type=\"html.default\">\n\t\t\t\t<div class=\"elementor-widget-container\">\n\t\t\t\t\t<iframe src=\"https:\/\/www.google.com\/maps\/embed?pb=!1m18!1m12!1m3!1d2749.403161472879!2d6.888950715590411!3d46.440708179124584!2m3!1f0!2f0!3f0!3m2!1i1024!2i768!4f13.1!3m3!1m2!1s0x478e9b6bd9b82fb9%3A0x8e8c9f0a61e8317!2sRue%20du%20Lac%20107%2C%201815%20Clarens!5e0!3m2!1sen!2sch!4v1634303593028!5m2!1sen!2sch\" width=\"600\" height=\"450\" style=\"border:0;\" allowfullscreen=\"\" loading=\"lazy\"><\/iframe>\t\t\t\t<\/div>\n\t\t\t\t<\/div>\n\t\t\t\t\t<\/div>\n\t\t<\/div>\n\t\t\t\t\t<\/div>\n\t\t<\/section>\n\t\t\t\t<\/div>\n\t\t","protected":false},"excerpt":{"rendered":"<p>\n\t\t\t<!-- START CONTACT REVOLUTION SLIDER 6.4.2 --><p class=\"rs-p-wp-fix\"><\/p>\n\t\t\t<rs-module-wrap id=\"rev_slider_30_2_wrapper\" data-source=\"gallery\" style=\"background:transparent;padding:0;margin:0px auto;margin-top:0;margin-bottom:0;\">\n\t\t\t\t<rs-module id=\"rev_slider_30_2\" style=\"\" data-version=\"6.4.2\">\n\t\t\t\t\t<rs-slides>\n\t\t\t\t\t\t<rs-slide data-key=\"rs-193\" data-title=\"Slider1\" data-in=\"o:0;\" data-out=\"a:false;\">\n\t\t\t\t\t\t\t<img fetchpriority=\"high\" decoding=\"async\" src=\"\/\/architecte-decoration-interieur.ch\/wp-content\/uploads\/2021\/03\/3rd.jpg\" title=\"3rd\" width=\"1600\" height=\"1100\" class=\"rev-slidebg\" data-no-retina>\n<!---->\t\t\t\t\t\t<\/rs-slide>\n\t\t\t\t\t<\/rs-slides>\n\t\t\t\t\t<rs-static-layers><!--\n\t\t\t\t\t--><\/rs-static-layers>\n\t\t\t\t<\/rs-module>\n\t\t\t\t<script type=\"text\/javascript\">\n\t\t\t\t\tsetREVStartSize({c: 'rev_slider_30_2',rl:[1240,1024,778,480],el:[900,768,960,720],gw:[1240,1024,778,480],gh:[900,768,960,720],type:'standard',justify:'',layout:'fullwidth',mh:\"0\"});\n\t\t\t\t\tvar\trevapi30,\n\t\t\t\t\t\ttpj;\n\t\t\t\t\tfunction revinit_revslider302() {\n\t\t\t\t\tjQuery(function() {\n\t\t\t\t\t\ttpj = jQuery;\n\t\t\t\t\t\trevapi30 = tpj(\"#rev_slider_30_2\");\n\t\t\t\t\t\tif(revapi30==undefined || revapi30.revolution == undefined){\n\t\t\t\t\t\t\trevslider_showDoubleJqueryError(\"rev_slider_30_2\");\n\t\t\t\t\t\t}else{\n\t\t\t\t\t\t\trevapi30.revolution({\n\t\t\t\t\t\t\t\tduration:\"4000ms\",\n\t\t\t\t\t\t\t\tvisibilityLevels:\"1240,1024,778,480\",\n\t\t\t\t\t\t\t\tgridwidth:\"1240,1024,778,480\",\n\t\t\t\t\t\t\t\tgridheight:\"900,768,960,720\",\n\t\t\t\t\t\t\t\tperspective:600,\n\t\t\t\t\t\t\t\tperspectiveType:\"global\",\n\t\t\t\t\t\t\t\teditorheight:\"900,768,960,720\",\n\t\t\t\t\t\t\t\tresponsiveLevels:\"1240,1024,778,480\",\n\t\t\t\t\t\t\t\tprogressBar: {\n\t\t\t\t\t\t\t\t\tsize:5,\n\t\t\t\t\t\t\t\t\tx:0,\n\t\t\t\t\t\t\t\t\ty:0\n\t\t\t\t\t\t\t\t},\n\t\t\t\t\t\t\t\tnavigation: {\n\t\t\t\t\t\t\t\t\tonHoverStop:false\n\t\t\t\t\t\t\t\t},\n\t\t\t\t\t\t\t\tfallbacks: {\n\t\t\t\t\t\t\t\t\tallowHTML5AutoPlayOnAndroid:true\n\t\t\t\t\t\t\t\t},\n\t\t\t\t\t\t\t});\n\t\t\t\t\t\t}\n\t\t\t\t\t\t\n\t\t\t\t\t});\n\t\t\t\t\t} \/\/ End of RevInitScript\n\t\t\t\tvar once_revslider302 = false;\n\t\t\t\tif (document.readyState === \"loading\") {document.addEventListener('readystatechange',function() { if((document.readyState === \"interactive\" || document.readyState === \"complete\") && !once_revslider302 ) { once_revslider302 = true; revinit_revslider302();}});} else {once_revslider302 = true; revinit_revslider302();}\n\t\t\t\t<\/script>\n\t\t\t<\/rs-module-wrap>\n\t\t\t<!-- END REVOLUTION SLIDER -->\n Un renseignement ? Appelez-nous ! Pour tous renseignements, veuillez simplement composer notre num\u00e9ro de t\u00e9l\u00e9phone :+4121\u00a0 964\u00a0 2221Nous sommes \u00e0 votre enti\u00e8re disposition et nous r\u00e9pondons avec plaisir \u00e0 toutes vos demandesActifs en Suisse et \u00e0 l\u2019\u00e9tranger, nous nous d\u00e9pla\u00e7ons volontiers chez vous, ou alors, nous vous recevons dans nos locaux.Viquerat D\u00e9coration&amp; [&hellip;]<\/p>\n","protected":false},"author":0,"featured_media":0,"parent":0,"menu_order":0,"comment_status":"closed","ping_status":"closed","template":"","meta":{"_et_pb_use_builder":"on","_et_pb_old_content":"[rev_slider alias=\"un-duplex-a-la-fraicheur-tropicale-1\" slidertitle=\"CONTACT\"][\/rev_slider]\t\t\n\t\t\t<style>\/*! elementor - v3.6.8 - 27-07-2022 *\/\n.elementor-heading-title{padding:0;margin:0;line-height:1}.elementor-widget-heading .elementor-heading-title[class*=elementor-size-]>a{color:inherit;font-size:inherit;line-height:inherit}.elementor-widget-heading .elementor-heading-title.elementor-size-small{font-size:15px}.elementor-widget-heading .elementor-heading-title.elementor-size-medium{font-size:19px}.elementor-widget-heading .elementor-heading-title.elementor-size-large{font-size:29px}.elementor-widget-heading .elementor-heading-title.elementor-size-xl{font-size:39px}.elementor-widget-heading .elementor-heading-title.elementor-size-xxl{font-size:59px}<\/style><h2>Un renseignement ? Appelez-nous !<\/h2>\t\t\n\t\t<p>Pour tous renseignements, veuillez simplement composer notre num\u00e9ro de t\u00e9l\u00e9phone :<\/p><p><strong>+4121\u00a0 964\u00a0 2221<\/strong><\/p><p>Nous sommes \u00e0 votre enti\u00e8re disposition et nous r\u00e9pondons avec plaisir \u00e0 toutes vos demandes<\/p><p>Actifs en Suisse et \u00e0 l\u2019\u00e9tranger, nous nous d\u00e9pla\u00e7ons volontiers chez vous, ou alors, nous vous recevons dans nos locaux.<\/p><p>Viquerat D\u00e9coration<br \/>&amp; Architecture d'Int\u00e9rieur<\/p><p>Rue du Lac 107<br \/>1815 Clarens-Montreux<br \/>Suisse<\/p><p>t\u00e9l\u00e9phone -<strong> +4121\u00a0 964\u00a0 2221<\/strong><\/p>\t\t\n\t\t\t<h2>Visitez notre show-room<\/h2>\t\t\n<p>Vous trouverez&nbsp;notre show-room \u00e0 Clarens-Montreux.<\/p>\n<p>Vous \u00eates les bienvenus \u00e0 notre&nbsp;exposition (avec ou sans rendez-vous) la semaine et aussi le samedi&nbsp;:<\/p>\n<p><strong>Horaires<\/strong><\/p>\n<ul>\n<li>Du lundi au vendredi de 9h00 \u00e0 12h00 et de 14h00 \u00e0 18h00.<\/li>\n<li>Samedi de 10h00 \u00e0 16h00 non-stop, sauf 1er samedi du mois ferm\u00e9.<\/li><\/ul>\t\t\n\t\t\t<h2>Formulaire de contact<\/h2>\t\t\n\t\t\t<iframe src=\"https:\/\/www.google.com\/maps\/embed?pb=!1m18!1m12!1m3!1d2749.403161472879!2d6.888950715590411!3d46.440708179124584!2m3!1f0!2f0!3f0!3m2!1i1024!2i768!4f13.1!3m3!1m2!1s0x478e9b6bd9b82fb9%3A0x8e8c9f0a61e8317!2sRue%20du%20Lac%20107%2C%201815%20Clarens!5e0!3m2!1sen!2sch!4v1634303593028!5m2!1sen!2sch\" width=\"600\" height=\"450\" style=\"border:0;\" allowfullscreen=\"\" loading=\"lazy\"><\/iframe>","_et_gb_content_width":"","footnotes":""},"class_list":["post-45","page","type-page","status-publish","hentry"],"_links":{"self":[{"href":"https:\/\/architecte-decoration-interieur.ch\/fr_fr\/wp-json\/wp\/v2\/pages\/45","targetHints":{"allow":["GET"]}}],"collection":[{"href":"https:\/\/architecte-decoration-interieur.ch\/fr_fr\/wp-json\/wp\/v2\/pages"}],"about":[{"href":"https:\/\/architecte-decoration-interieur.ch\/fr_fr\/wp-json\/wp\/v2\/types\/page"}],"replies":[{"embeddable":true,"href":"https:\/\/architecte-decoration-interieur.ch\/fr_fr\/wp-json\/wp\/v2\/comments?post=45"}],"version-history":[{"count":277,"href":"https:\/\/architecte-decoration-interieur.ch\/fr_fr\/wp-json\/wp\/v2\/pages\/45\/revisions"}],"predecessor-version":[{"id":32363,"href":"https:\/\/architecte-decoration-interieur.ch\/fr_fr\/wp-json\/wp\/v2\/pages\/45\/revisions\/32363"}],"wp:attachment":[{"href":"https:\/\/architecte-decoration-interieur.ch\/fr_fr\/wp-json\/wp\/v2\/media?parent=45"}],"curies":[{"name":"wp","href":"https:\/\/api.w.org\/{rel}","templated":true}]}}